{"id":2342,"date":"2024-09-18T13:57:10","date_gmt":"2024-09-18T13:57:10","guid":{"rendered":"https:\/\/erciyesdagkayakmerkezi.com\/erciyes-in-tourism\/"},"modified":"2024-11-21T08:03:47","modified_gmt":"2024-11-21T08:03:47","slug":"erciyes-mountain-and-tourism","status":"publish","type":"page","link":"https:\/\/erciyesdagkayakmerkezi.com\/en\/erciyes-mountain-and-tourism\/","title":{"rendered":"Erciyes Mountain And Tourism"},"content":{"rendered":"<p><strong><img loading=\"lazy\" decoding=\"async\" class=\"aligncenter wp-image-1884 size-snowmountain-thumb-huge\" src=\"https:\/\/erciyesdagkayakmerkezi.com\/wp-content\/uploads\/2024\/10\/erciyes-ve-turizm-img-1170x658.png\" alt=\"\" width=\"1170\" height=\"658\" srcset=\"https:\/\/erciyesdagkayakmerkezi.com\/wp-content\/uploads\/2024\/10\/erciyes-ve-turizm-img-1170x658.png 1170w, https:\/\/erciyesdagkayakmerkezi.com\/wp-content\/uploads\/2024\/10\/erciyes-ve-turizm-img-270x152.png 270w\" sizes=\"auto, (max-width: 1170px) 100vw, 1170px\" \/><\/strong> <strong>ERCIYES MOUNTIN AND TOURISM<\/strong> Erciyes Mountain owner of the Central Anatolia with its giant mass covering a huge area of 3300 km2 \u00a0and peak 3917 meters above the sea level is the mother of the Cappadocia. According to researchs of the earth scientists,the formation of the Erciyes Mountain was back to \u201cNeogene\u201d period when the region was lake Erciyes Mountain have formed as a result of volcanic eruptions in lakes approximately 15 million years ago called \u201cStratovolcano\u201d volcanic mountain group by geoscientists Erciyes Mountain is known as the highest extention of the Alada\u011f mountain range in the northeast and represents Alpine-Himalayas belt mountain group in the Central Anatolia It is also known that dating back to 253 BC when it was called as Argaeus , Erciyes Mountain can be seen as the symbols on some Roman coins With 30 million years age of hard rocky peaks of Erciyes Mountain and its hills ranging from 3400 meters to 1700 meters in the east \u2013 west direction offer and distinct aesthetic beauty The symbol of freedom, face of purity,The Erciyes Mountain is not only mountain,it is center of winter tourism with its wonderful ski slopes and world named hotel chains and accommodation facilities meet almost every budget. \u00a0 Erciyes Mountain and its surrounding regions with well organised tourism infrastrature \u00a0hosting to almost every country such as Russia, European countries and USA \u00a0 The queen of Kayseri City, Erciyes Mountain, with its fascinating aesthetic silhouette and with beautiful slopes covered with \u201cpowder snow\u201d has been favoured by Skiing ,Snowboarding,as well as cross-country skiing and \u00a0trekking \u00a0lovers in every time. Along with the pleasure of winter sports in Erciyes Ski Center during winter season,its surrounding regions also offer wide range of excited activities in every season where <strong>you \u00a0<\/strong> Can Wonder around unique\u201d Fairy Chimnies\u201d in Cappadocia Can be part of the nature with hot air balloon tours in Cappadocia Can taste unique taste of grape wines Can be witness to Christian Civilizations dating back to 3000 BC Can climb the \u201cDemirKaz\u0131k\u201d in mount \u201cAladag\u201d Can enjoy rafting or fishing in the river \u201cK\u0131z\u0131l\u0131rmak\u201d Can do bird watch in World known \u201cSultan Reeds\u201d Can do picnic near by magnificient waterfalls in \u201cKopuzbasi\u201d ATV tours and more.. \u00a0 In the mean time,you will taste delicious local dishes named \u201c<strong>preserved beef <\/strong>\u201d ,\u201d<strong>beef sausage<\/strong>\u201d, \u00c7\u00f6mlek Kabab\u201d and more prepared by calm and freindly Anatolian people and will enjoy with Turkish coffee in its special coffee cup <strong>Let&#8217;s get started<\/strong><\/p>\r\n<!-- \/wp:post-content -->\r\n\r\n<!-- wp:paragraph {\"translatedWithWPMLTM\":\"1\"} -->\r\n<p><a href=\"https:\/\/erciyesdagkayakmerkezi.com\/en\/cappadocia\/\"><strong>Capadocia<\/strong><\/a><\/p>\r\n<!-- \/wp:paragraph -->\r\n\r\n<!-- wp:paragraph {\"translatedWithWPMLTM\":\"1\"} \/-->\r\n\r\n<!-- wp:paragraph {\"translatedWithWPMLTM\":\"1\"} -->\r\n<p><a href=\"https:\/\/erciyesdagkayakmerkezi.com\/en\/nature-sports\/\"><strong>Adventure Sports<\/strong><\/a><\/p>\r\n<!-- \/wp:paragraph -->\r\n\r\n<!-- wp:paragraph {\"translatedWithWPMLTM\":\"1\"} -->\r\n<p><a href=\"https:\/\/erciyesdagkayakmerkezi.com\/en\/snowmobile-and-atv-tours\/\"><strong>Snowmobile and ATV Tours<\/strong><\/a><\/p>\r\n<!-- \/wp:paragraph -->\r\n\r\n<!-- wp:paragraph {\"translatedWithWPMLTM\":\"1\"} -->\r\n<p><a href=\"https:\/\/erciyesdagkayakmerkezi.com\/en\/night-skiing\/\"><strong>Night Skiing<\/strong><\/a><\/p>\r\n<!-- \/wp:paragraph -->","protected":false},"excerpt":{"rendered":"<p>ERCIYES MOUNTIN AND TOURISM Erciyes Mountain owner of the Central Anatolia with its giant mass covering a huge area of 3300 km2 \u00a0and peak 3917 meters above the sea level is the mother of the Cappadocia. According to researchs of the earth scientists,the formation of the Erciyes Mountain was back to \u201cNeogene\u201d period when the region was lake Erciyes Mountain&hellip;<\/p>\n","protected":false},"author":1,"featured_media":0,"parent":0,"menu_order":0,"comment_status":"closed","ping_status":"closed","template":"","meta":{"footnotes":""},"class_list":["post-2342","page","type-page","status-publish","hentry"],"yoast_head":"<!-- This site is optimized with the Yoast SEO plugin v26.5 - https:\/\/yoast.com\/wordpress\/plugins\/seo\/ -->\n<title>Erciyes Mountain And Tourism - Erciyes Da\u011f Kayak Merkezi<\/title>\n<meta name=\"robots\" content=\"index, follow, max-snippet:-1, max-image-preview:large, max-video-preview:-1\" \/>\n<link rel=\"canonical\" href=\"https:\/\/erciyesdagkayakmerkezi.com\/en\/erciyes-mountain-and-tourism\/\" \/>\n<meta property=\"og:locale\" content=\"en_US\" \/>\n<meta property=\"og:type\" content=\"article\" \/>\n<meta property=\"og:title\" content=\"Erciyes Mountain And Tourism - Erciyes Da\u011f Kayak Merkezi\" \/>\n<meta property=\"og:description\" content=\"ERCIYES MOUNTIN AND TOURISM Erciyes Mountain owner of the Central Anatolia with its giant mass covering a huge area of 3300 km2 \u00a0and peak 3917 meters above the sea level is the mother of the Cappadocia. According to researchs of the earth scientists,the formation of the Erciyes Mountain was back to \u201cNeogene\u201d period when the region was lake Erciyes Mountain&hellip;\" \/>\n<meta property=\"og:url\" content=\"https:\/\/erciyesdagkayakmerkezi.com\/en\/erciyes-mountain-and-tourism\/\" \/>\n<meta property=\"og:site_name\" content=\"Erciyes Da\u011f Kayak Merkezi\" \/>\n<meta property=\"article:modified_time\" content=\"2024-11-21T08:03:47+00:00\" \/>\n<meta property=\"og:image\" content=\"https:\/\/erciyesdagkayakmerkezi.com\/wp-content\/uploads\/2024\/10\/erciyes-ve-turizm-img.png\" \/>\n\t<meta property=\"og:image:width\" content=\"1920\" \/>\n\t<meta property=\"og:image:height\" content=\"1154\" \/>\n\t<meta property=\"og:image:type\" content=\"image\/png\" \/>\n<meta name=\"twitter:card\" content=\"summary_large_image\" \/>\n<meta name=\"twitter:label1\" content=\"Est. reading time\" \/>\n\t<meta name=\"twitter:data1\" content=\"3 minutes\" \/>\n<script type=\"application\/ld+json\" class=\"yoast-schema-graph\">{\"@context\":\"https:\/\/schema.org\",\"@graph\":[{\"@type\":\"WebPage\",\"@id\":\"https:\/\/erciyesdagkayakmerkezi.com\/en\/erciyes-mountain-and-tourism\/\",\"url\":\"https:\/\/erciyesdagkayakmerkezi.com\/en\/erciyes-mountain-and-tourism\/\",\"name\":\"Erciyes Mountain And Tourism - Erciyes Da\u011f Kayak Merkezi\",\"isPartOf\":{\"@id\":\"https:\/\/erciyesdagkayakmerkezi.com\/en\/#website\"},\"primaryImageOfPage\":{\"@id\":\"https:\/\/erciyesdagkayakmerkezi.com\/en\/erciyes-mountain-and-tourism\/#primaryimage\"},\"image\":{\"@id\":\"https:\/\/erciyesdagkayakmerkezi.com\/en\/erciyes-mountain-and-tourism\/#primaryimage\"},\"thumbnailUrl\":\"https:\/\/erciyesdagkayakmerkezi.com\/wp-content\/uploads\/2024\/10\/erciyes-ve-turizm-img-1170x658.png\",\"datePublished\":\"2024-09-18T13:57:10+00:00\",\"dateModified\":\"2024-11-21T08:03:47+00:00\",\"breadcrumb\":{\"@id\":\"https:\/\/erciyesdagkayakmerkezi.com\/en\/erciyes-mountain-and-tourism\/#breadcrumb\"},\"inLanguage\":\"en-US\",\"potentialAction\":[{\"@type\":\"ReadAction\",\"target\":[\"https:\/\/erciyesdagkayakmerkezi.com\/en\/erciyes-mountain-and-tourism\/\"]}]},{\"@type\":\"ImageObject\",\"inLanguage\":\"en-US\",\"@id\":\"https:\/\/erciyesdagkayakmerkezi.com\/en\/erciyes-mountain-and-tourism\/#primaryimage\",\"url\":\"https:\/\/erciyesdagkayakmerkezi.com\/wp-content\/uploads\/2024\/10\/erciyes-ve-turizm-img-1170x658.png\",\"contentUrl\":\"https:\/\/erciyesdagkayakmerkezi.com\/wp-content\/uploads\/2024\/10\/erciyes-ve-turizm-img-1170x658.png\"},{\"@type\":\"BreadcrumbList\",\"@id\":\"https:\/\/erciyesdagkayakmerkezi.com\/en\/erciyes-mountain-and-tourism\/#breadcrumb\",\"itemListElement\":[{\"@type\":\"ListItem\",\"position\":1,\"name\":\"Anasayfa\",\"item\":\"https:\/\/erciyesdagkayakmerkezi.com\/en\/\"},{\"@type\":\"ListItem\",\"position\":2,\"name\":\"Erciyes Mountain And Tourism\"}]},{\"@type\":\"WebSite\",\"@id\":\"https:\/\/erciyesdagkayakmerkezi.com\/en\/#website\",\"url\":\"https:\/\/erciyesdagkayakmerkezi.com\/en\/\",\"name\":\"Erciyes Da\u011f Kayak Merkezi\",\"description\":\"Erciyes Da\u011f Kayak Merkezi\",\"publisher\":{\"@id\":\"https:\/\/erciyesdagkayakmerkezi.com\/en\/#organization\"},\"potentialAction\":[{\"@type\":\"SearchAction\",\"target\":{\"@type\":\"EntryPoint\",\"urlTemplate\":\"https:\/\/erciyesdagkayakmerkezi.com\/en\/?s={search_term_string}\"},\"query-input\":{\"@type\":\"PropertyValueSpecification\",\"valueRequired\":true,\"valueName\":\"search_term_string\"}}],\"inLanguage\":\"en-US\"},{\"@type\":\"Organization\",\"@id\":\"https:\/\/erciyesdagkayakmerkezi.com\/en\/#organization\",\"name\":\"Erciyes Da\u011f Kayak Merkezi\",\"url\":\"https:\/\/erciyesdagkayakmerkezi.com\/en\/\",\"logo\":{\"@type\":\"ImageObject\",\"inLanguage\":\"en-US\",\"@id\":\"https:\/\/erciyesdagkayakmerkezi.com\/en\/#\/schema\/logo\/image\/\",\"url\":\"https:\/\/erciyesdagkayakmerkezi.com\/wp-content\/uploads\/2024\/10\/erciyes-dag-kayak-logo-2.png\",\"contentUrl\":\"https:\/\/erciyesdagkayakmerkezi.com\/wp-content\/uploads\/2024\/10\/erciyes-dag-kayak-logo-2.png\",\"width\":4167,\"height\":4167,\"caption\":\"Erciyes Da\u011f Kayak Merkezi\"},\"image\":{\"@id\":\"https:\/\/erciyesdagkayakmerkezi.com\/en\/#\/schema\/logo\/image\/\"}}]}<\/script>\n<!-- \/ Yoast SEO plugin. -->","yoast_head_json":{"title":"Erciyes Mountain And Tourism - Erciyes Da\u011f Kayak Merkezi","robots":{"index":"index","follow":"follow","max-snippet":"max-snippet:-1","max-image-preview":"max-image-preview:large","max-video-preview":"max-video-preview:-1"},"canonical":"https:\/\/erciyesdagkayakmerkezi.com\/en\/erciyes-mountain-and-tourism\/","og_locale":"en_US","og_type":"article","og_title":"Erciyes Mountain And Tourism - Erciyes Da\u011f Kayak Merkezi","og_description":"ERCIYES MOUNTIN AND TOURISM Erciyes Mountain owner of the Central Anatolia with its giant mass covering a huge area of 3300 km2 \u00a0and peak 3917 meters above the sea level is the mother of the Cappadocia. According to researchs of the earth scientists,the formation of the Erciyes Mountain was back to \u201cNeogene\u201d period when the region was lake Erciyes Mountain&hellip;","og_url":"https:\/\/erciyesdagkayakmerkezi.com\/en\/erciyes-mountain-and-tourism\/","og_site_name":"Erciyes Da\u011f Kayak Merkezi","article_modified_time":"2024-11-21T08:03:47+00:00","og_image":[{"width":1920,"height":1154,"url":"https:\/\/erciyesdagkayakmerkezi.com\/wp-content\/uploads\/2024\/10\/erciyes-ve-turizm-img.png","type":"image\/png"}],"twitter_card":"summary_large_image","twitter_misc":{"Est. reading time":"3 minutes"},"schema":{"@context":"https:\/\/schema.org","@graph":[{"@type":"WebPage","@id":"https:\/\/erciyesdagkayakmerkezi.com\/en\/erciyes-mountain-and-tourism\/","url":"https:\/\/erciyesdagkayakmerkezi.com\/en\/erciyes-mountain-and-tourism\/","name":"Erciyes Mountain And Tourism - Erciyes Da\u011f Kayak Merkezi","isPartOf":{"@id":"https:\/\/erciyesdagkayakmerkezi.com\/en\/#website"},"primaryImageOfPage":{"@id":"https:\/\/erciyesdagkayakmerkezi.com\/en\/erciyes-mountain-and-tourism\/#primaryimage"},"image":{"@id":"https:\/\/erciyesdagkayakmerkezi.com\/en\/erciyes-mountain-and-tourism\/#primaryimage"},"thumbnailUrl":"https:\/\/erciyesdagkayakmerkezi.com\/wp-content\/uploads\/2024\/10\/erciyes-ve-turizm-img-1170x658.png","datePublished":"2024-09-18T13:57:10+00:00","dateModified":"2024-11-21T08:03:47+00:00","breadcrumb":{"@id":"https:\/\/erciyesdagkayakmerkezi.com\/en\/erciyes-mountain-and-tourism\/#breadcrumb"},"inLanguage":"en-US","potentialAction":[{"@type":"ReadAction","target":["https:\/\/erciyesdagkayakmerkezi.com\/en\/erciyes-mountain-and-tourism\/"]}]},{"@type":"ImageObject","inLanguage":"en-US","@id":"https:\/\/erciyesdagkayakmerkezi.com\/en\/erciyes-mountain-and-tourism\/#primaryimage","url":"https:\/\/erciyesdagkayakmerkezi.com\/wp-content\/uploads\/2024\/10\/erciyes-ve-turizm-img-1170x658.png","contentUrl":"https:\/\/erciyesdagkayakmerkezi.com\/wp-content\/uploads\/2024\/10\/erciyes-ve-turizm-img-1170x658.png"},{"@type":"BreadcrumbList","@id":"https:\/\/erciyesdagkayakmerkezi.com\/en\/erciyes-mountain-and-tourism\/#breadcrumb","itemListElement":[{"@type":"ListItem","position":1,"name":"Anasayfa","item":"https:\/\/erciyesdagkayakmerkezi.com\/en\/"},{"@type":"ListItem","position":2,"name":"Erciyes Mountain And Tourism"}]},{"@type":"WebSite","@id":"https:\/\/erciyesdagkayakmerkezi.com\/en\/#website","url":"https:\/\/erciyesdagkayakmerkezi.com\/en\/","name":"Erciyes Da\u011f Kayak Merkezi","description":"Erciyes Da\u011f Kayak Merkezi","publisher":{"@id":"https:\/\/erciyesdagkayakmerkezi.com\/en\/#organization"},"potentialAction":[{"@type":"SearchAction","target":{"@type":"EntryPoint","urlTemplate":"https:\/\/erciyesdagkayakmerkezi.com\/en\/?s={search_term_string}"},"query-input":{"@type":"PropertyValueSpecification","valueRequired":true,"valueName":"search_term_string"}}],"inLanguage":"en-US"},{"@type":"Organization","@id":"https:\/\/erciyesdagkayakmerkezi.com\/en\/#organization","name":"Erciyes Da\u011f Kayak Merkezi","url":"https:\/\/erciyesdagkayakmerkezi.com\/en\/","logo":{"@type":"ImageObject","inLanguage":"en-US","@id":"https:\/\/erciyesdagkayakmerkezi.com\/en\/#\/schema\/logo\/image\/","url":"https:\/\/erciyesdagkayakmerkezi.com\/wp-content\/uploads\/2024\/10\/erciyes-dag-kayak-logo-2.png","contentUrl":"https:\/\/erciyesdagkayakmerkezi.com\/wp-content\/uploads\/2024\/10\/erciyes-dag-kayak-logo-2.png","width":4167,"height":4167,"caption":"Erciyes Da\u011f Kayak Merkezi"},"image":{"@id":"https:\/\/erciyesdagkayakmerkezi.com\/en\/#\/schema\/logo\/image\/"}}]}},"_links":{"self":[{"href":"https:\/\/erciyesdagkayakmerkezi.com\/en\/wp-json\/wp\/v2\/pages\/2342","targetHints":{"allow":["GET"]}}],"collection":[{"href":"https:\/\/erciyesdagkayakmerkezi.com\/en\/wp-json\/wp\/v2\/pages"}],"about":[{"href":"https:\/\/erciyesdagkayakmerkezi.com\/en\/wp-json\/wp\/v2\/types\/page"}],"author":[{"embeddable":true,"href":"https:\/\/erciyesdagkayakmerkezi.com\/en\/wp-json\/wp\/v2\/users\/1"}],"replies":[{"embeddable":true,"href":"https:\/\/erciyesdagkayakmerkezi.com\/en\/wp-json\/wp\/v2\/comments?post=2342"}],"version-history":[{"count":5,"href":"https:\/\/erciyesdagkayakmerkezi.com\/en\/wp-json\/wp\/v2\/pages\/2342\/revisions"}],"predecessor-version":[{"id":2562,"href":"https:\/\/erciyesdagkayakmerkezi.com\/en\/wp-json\/wp\/v2\/pages\/2342\/revisions\/2562"}],"wp:attachment":[{"href":"https:\/\/erciyesdagkayakmerkezi.com\/en\/wp-json\/wp\/v2\/media?parent=2342"}],"curies":[{"name":"wp","href":"https:\/\/api.w.org\/{rel}","templated":true}]}}